{"id":4019,"date":"2015-05-30T04:45:28","date_gmt":"2015-05-30T04:45:28","guid":{"rendered":"http:\/\/themes.themegoods.com\/grandrestaurant\/demo1\/?page_id=2"},"modified":"2025-07-01T15:37:01","modified_gmt":"2025-07-01T15:37:01","slug":"home1","status":"publish","type":"page","link":"https:\/\/www.eetcafeceramique.nl\/","title":{"rendered":"Home"},"content":{"rendered":"<div  class=\"one fullwidth \">\n\t\t\t<!-- START Home 5 Slider REVOLUTION SLIDER 6.2.23 --><\/p>\n<p class=\"rs-p-wp-fix\">\n<p>\t\t\t<rs-module-wrap id=\"rev_slider_4_1_wrapper\" data-alias=\"home5-slider\" data-source=\"gallery\" style=\"background:#262626;padding:0;\"><br \/>\n\t\t\t\t<rs-module id=\"rev_slider_4_1\" style=\"\" data-version=\"6.2.23\"><br \/>\n\t\t\t\t\t<rs-slides><br \/>\n\t\t\t\t\t\t<rs-slide data-key=\"rs-4\" data-title=\"Slide\" data-anim=\"ei:d;eo:d;s:300;r:0;t:zoomin;sl:7;\"><br \/>\n\t\t\t\t\t\t\t<img src=\"\/\/eetcafeceramique.nl\/wp-content\/uploads\/2021\/05\/IMG_0752-1-1920x1167.jpg\" title=\"IMG_0752\" width=\"1920\" height=\"1167\" data-bg=\"p:center top;\" class=\"rev-slidebg\" data-no-retina><br \/>\n<!--\n\t\t\t\t\t\t\t--><rs-layer\n\t\t\t\t\t\t\t\tid=\"slider-4-slide-4-layer-1\" \n\t\t\t\t\t\t\t\tdata-type=\"text\"\n\t\t\t\t\t\t\t\tdata-rsp_ch=\"on\"\n\t\t\t\t\t\t\t\tdata-xy=\"x:c;xo:13px,13px,13px,6px;yo:429px,429px,429px,289px;\"\n\t\t\t\t\t\t\t\tdata-text=\"w:normal;s:27,27,27,14;l:29,29,29,12;fw:700;a:center;\"\n\t\t\t\t\t\t\t\tdata-dim=\"w:auto,auto,auto,298px;h:auto,auto,auto,49px;maxh:0px,0px,0px,none;minh:0px,0px,0px,none;\"\n\t\t\t\t\t\t\t\tdata-frame_0=\"x:0,0,0,0px;y:0,0,0,0px;\"\n\t\t\t\t\t\t\t\tdata-frame_1=\"x:0,0,0,0px;y:0,0,0,0px;\"\n\t\t\t\t\t\t\t\tdata-frame_999=\"o:0;st:w;\"\n\t\t\t\t\t\t\t\tstyle=\"z-index:9;font-family:Merriweather;\"\n\t\t\t\t\t\t\t> <A HREF='HTTPS:\/\/WWW.EETCAFEECERAMIQUE.NL\/reserveren' STYLE=\"COLOR:#e06c28;\">EERLIJK GEZOND ETEN <br \/>SINDS 1993<\/A><br \/>\n\t\t\t\t\t\t\t<\/rs-layer><!--\n\n\t\t\t\t\t\t\t--><rs-layer\n\t\t\t\t\t\t\t\tid=\"slider-4-slide-4-layer-2\" \n\t\t\t\t\t\t\t\tdata-type=\"image\"\n\t\t\t\t\t\t\t\tdata-rsp_ch=\"on\"\n\t\t\t\t\t\t\t\tdata-xy=\"x:c;yo:78px,78px,78px,110px;\"\n\t\t\t\t\t\t\t\tdata-text=\"w:normal;s:20,20,20,6;l:0,0,0,7;\"\n\t\t\t\t\t\t\t\tdata-dim=\"w:300px,300px,300px,175px;h:300px,300px,300px,175px;\"\n\t\t\t\t\t\t\t\tdata-frame_999=\"o:0;st:w;\"\n\t\t\t\t\t\t\t\tstyle=\"z-index:8;\"\n\t\t\t\t\t\t\t><img src=\"\/\/eetcafeceramique.nl\/wp-content\/uploads\/2020\/11\/Ceramique-logo-04-1.png\" width=\"2400\" height=\"2400\" data-no-retina><br \/>\n\t\t\t\t\t\t\t<\/rs-layer><!--\n-->\t\t\t\t\t\t<\/rs-slide><br \/>\n\t\t\t\t\t\t<rs-slide data-key=\"rs-41\" data-title=\"Slide\" data-anim=\"ei:d;eo:d;s:300;r:0;t:zoomin;sl:7;\"><br \/>\n\t\t\t\t\t\t\t<img src=\"\/\/eetcafeceramique.nl\/wp-content\/uploads\/2021\/05\/IMG_0752-1-1920x1167.jpg\" title=\"IMG_0752\" width=\"1920\" height=\"1167\" data-bg=\"p:center top;\" class=\"rev-slidebg\" data-no-retina><br \/>\n<!--\n\t\t\t\t\t\t\t--><rs-layer\n\t\t\t\t\t\t\t\tid=\"slider-4-slide-41-layer-1\" \n\t\t\t\t\t\t\t\tdata-type=\"text\"\n\t\t\t\t\t\t\t\tdata-rsp_ch=\"on\"\n\t\t\t\t\t\t\t\tdata-xy=\"x:c;xo:13px,13px,13px,6px;yo:429px,429px,429px,289px;\"\n\t\t\t\t\t\t\t\tdata-text=\"w:normal;s:27,27,27,14;l:29,29,29,12;fw:700;a:center;\"\n\t\t\t\t\t\t\t\tdata-dim=\"w:auto,auto,auto,298px;h:auto,auto,auto,49px;maxh:0px,0px,0px,none;minh:0px,0px,0px,none;\"\n\t\t\t\t\t\t\t\tdata-frame_0=\"x:0,0,0,0px;y:0,0,0,0px;\"\n\t\t\t\t\t\t\t\tdata-frame_1=\"x:0,0,0,0px;y:0,0,0,0px;\"\n\t\t\t\t\t\t\t\tdata-frame_999=\"o:0;st:w;\"\n\t\t\t\t\t\t\t\tstyle=\"z-index:9;font-family:Merriweather;\"\n\t\t\t\t\t\t\t> <A HREF='HTTPS:\/\/WWW.EETCAFEECERAMIQUE.NL\/reserveren' STYLE=\"COLOR:#e06c28;\">EERLIJK GEZOND ETEN <br \/>SINDS 1993<\/A><br \/>\n\t\t\t\t\t\t\t<\/rs-layer><!--\n\n\t\t\t\t\t\t\t--><rs-layer\n\t\t\t\t\t\t\t\tid=\"slider-4-slide-41-layer-2\" \n\t\t\t\t\t\t\t\tdata-type=\"image\"\n\t\t\t\t\t\t\t\tdata-rsp_ch=\"on\"\n\t\t\t\t\t\t\t\tdata-xy=\"x:c;yo:78px,78px,78px,110px;\"\n\t\t\t\t\t\t\t\tdata-text=\"w:normal;s:20,20,20,6;l:0,0,0,7;\"\n\t\t\t\t\t\t\t\tdata-dim=\"w:300px,300px,300px,175px;h:300px,300px,300px,175px;\"\n\t\t\t\t\t\t\t\tdata-frame_999=\"o:0;st:w;\"\n\t\t\t\t\t\t\t\tstyle=\"z-index:8;\"\n\t\t\t\t\t\t\t><img src=\"\/\/eetcafeceramique.nl\/wp-content\/uploads\/2020\/11\/Ceramique-logo-04-1.png\" width=\"2400\" height=\"2400\" data-no-retina><br \/>\n\t\t\t\t\t\t\t<\/rs-layer><!--\n-->\t\t\t\t\t\t<\/rs-slide><br \/>\n\t\t\t\t\t<\/rs-slides><br \/>\n\t\t\t\t<\/rs-module><br \/>\n\t\t\t\t<script type=\"text\/javascript\">\n\t\t\t\t\tsetREVStartSize({c: 'rev_slider_4_1',rl:[1240,1240,1240,480],el:[650,650,650,720],gw:[1425,1425,1425,480],gh:[650,650,650,720],type:'standard',justify:'',layout:'fullscreen',offsetContainer:'',offset:'',mh:\"0\"});\n\t\t\t\t\tvar\trevapi4,\n\t\t\t\t\t\ttpj;\n\t\t\t\t\tfunction revinit_revslider41() {\n\t\t\t\t\tjQuery(function() {\n\t\t\t\t\t\ttpj = jQuery;\n\t\t\t\t\t\trevapi4 = tpj(\"#rev_slider_4_1\");\n\t\t\t\t\t\ttpj.noConflict();\n\t\t\t\t\t\tif(revapi4==undefined || revapi4.revolution == undefined){\n\t\t\t\t\t\t\trevslider_showDoubleJqueryError(\"rev_slider_4_1\");\n\t\t\t\t\t\t}else{\n\t\t\t\t\t\t\trevapi4.revolution({\n\t\t\t\t\t\t\t\tsliderLayout:\"fullscreen\",\n\t\t\t\t\t\t\t\tduration:7000,\n\t\t\t\t\t\t\t\tvisibilityLevels:\"1240,1240,1240,480\",\n\t\t\t\t\t\t\t\tgridwidth:\"1425,1425,1425,480\",\n\t\t\t\t\t\t\t\tgridheight:\"650,650,650,720\",\n\t\t\t\t\t\t\t\tspinner:\"spinner3\",\n\t\t\t\t\t\t\t\tperspective:600,\n\t\t\t\t\t\t\t\tperspectiveType:\"local\",\n\t\t\t\t\t\t\t\teditorheight:\"650,768,960,720\",\n\t\t\t\t\t\t\t\tresponsiveLevels:\"1240,1240,1240,480\",\n\t\t\t\t\t\t\t\tstopAtSlide:2,\n\t\t\t\t\t\t\t\tstopAfterLoops:0,\n\t\t\t\t\t\t\t\tprogressBar:{disableProgressBar:true},\n\t\t\t\t\t\t\t\tnavigation: {\n\t\t\t\t\t\t\t\t\tmouseScrollNavigation:false,\n\t\t\t\t\t\t\t\t\tonHoverStop:false,\n\t\t\t\t\t\t\t\t\ttouch: {\n\t\t\t\t\t\t\t\t\t\ttouchenabled:true\n\t\t\t\t\t\t\t\t\t}\n\t\t\t\t\t\t\t\t},\n\t\t\t\t\t\t\t\tfallbacks: {\n\t\t\t\t\t\t\t\t\tallowHTML5AutoPlayOnAndroid:true\n\t\t\t\t\t\t\t\t},\n\t\t\t\t\t\t\t});\n\t\t\t\t\t\t}<\/p>\n<p>\t\t\t\t\t});\n\t\t\t\t\t} \/\/ End of RevInitScript\n\t\t\t\tvar once_revslider41 = false;\n\t\t\t\tif (document.readyState === \"loading\") {document.addEventListener('readystatechange',function() { if((document.readyState === \"interactive\" || document.readyState === \"complete\") && !once_revslider41 ) { once_revslider41 = true; revinit_revslider41();}});} else {once_revslider41 = true; revinit_revslider41();}\n\t\t\t\t<\/script><\/p>\n<style type=\"text\/css\">\t#rev_slider_4_1_wrapper rs-loader.spinner3 div { background-color: #444444 !important; } <\/style>\n<p>\t\t\t<\/rs-module-wrap><br \/>\n\t\t\t<!-- END REVOLUTION SLIDER -->\n<\/div>\n<div  class=\"one ppb_card_two_cols_with_image\" style=\"padding: 70px 0 70px 0 !important;position:relative;padding:40px 0 40px 0;\" >\n<div class=\"standard_wrapper\">\n<div class=\"page_content_wrapper\">\n<div class=\"inner\">\n<div class=\"one_half parallax_scroll_image\" style=\"width:60%;\">\n<div class=\"image_classic_frame expand\">\n<div class=\"image_wrapper\"><a href=\"https:\/\/eetcafeceramique.nl\/wp-content\/uploads\/2021\/07\/IMG_2222-aangepast-zonder-tekst-sneltest-1920x1280.jpg\" class=\"img_frame\"><img src=\"https:\/\/eetcafeceramique.nl\/wp-content\/uploads\/2021\/07\/IMG_2222-aangepast-zonder-tekst-sneltest-1920x1280.jpg\" class=\"portfolio_img\" alt=\"\"\/><\/a><\/div>\n<\/div>\n<\/div>\n<div class=\"one_half last parallax_scroll\" style=\"width:40%;position:absolute;right:90px;padding:40px;background:#ffffff;\" data-stellar-ratio=\"1.3\">\n<h2 class=\"ppb_title\" ><span class=\"ppb_title_first\" >Ons<\/span>restaurant<\/h2>\n<div class=\"page_header_sep left\" ><\/div>\n<p>Thuis bij Eetcaf\u00e9 Ceramique! D\u00e9 plek in Maastricht waar we gastvrijheid schrijven met een hoofdletter G! Sinds 1993 gelegen in de charmante Rechtstraat. Eetcaf\u00e9 Ceramique betekent \u2018thuis komen\u2019. Ons restaurant is zoveel meer dan alleen een plek waar je kunt eten. Het is de plaats waar je familie en vrienden ontmoet om te onthaasten en te genieten. Ouderwets gezellig samen tafelen, of je nu iets te vieren hebt of niet!<\/p>\n<p>Wees van harte welkom!<\/p>\n<p>Hennie &#038; Tanya Frissen\n<\/div>\n<p><br class=\"clear\"\/><\/div>\n<\/div>\n<\/div>\n<\/div>\n<div class=\"divider one\">&nbsp;<\/div>\n<div  class=\"one withsmallpadding ppb_text\" style=\"text-align:center;padding-bottom:0 !important;padding:50px 0 50px 0;\" >\n<div class=\"standard_wrapper\">\n<div class=\"page_content_wrapper\">\n<div class=\"inner\">\n<div style=\"margin:auto;width:60%\">\n<div style=\"font-size:30px;text-transform:uppercase;letter-spacing:-1px;font-weight:300;\">De eerste uitgave van het boek \u201cEetcaf\u00e9 C\u00e9ramique\u201d vond plaats op de gedenkwaardige 26ste november 1993.<\/div>\n<p><span style=\"font-family:Kristi;font-size:40px;font-weight:600;\">Hennie &#038; Tanya Frissen<\/span><\/p>\n<\/div>\n<\/div>\n<\/div>\n<\/div>\n<\/div>\n<div  class=\"one ppb_card_two_cols_with_image\" style=\"padding: 50px 0 70px 0 !important;position:relative;padding:40px 0 40px 0;\" >\n<div class=\"standard_wrapper\">\n<div class=\"page_content_wrapper\">\n<div class=\"inner\">\n<div class=\"one_half parallax_scroll_image\" style=\"width:65%;\">\n<div class=\"image_classic_frame expand\">\n<div class=\"image_wrapper\"><a href=\"https:\/\/eetcafeceramique.nl\/wp-content\/uploads\/2021\/07\/IMG_2664-1920x1280.jpg\" class=\"img_frame\"><img src=\"https:\/\/eetcafeceramique.nl\/wp-content\/uploads\/2021\/07\/IMG_2664-1920x1280.jpg\" class=\"portfolio_img\" alt=\"\"\/><\/a><\/div>\n<\/div>\n<\/div>\n<div class=\"one_half last parallax_scroll\" style=\"width:40%;position:absolute;right:90px;padding:40px;background:#ffffff;\" data-stellar-ratio=\"1.3\">\n<h2 class=\"ppb_title\" ><span class=\"ppb_title_first\" >Ontdek<\/span>Eetcaf\u00e9 C\u00e9ramique<\/h2>\n<div class=\"ppb_subtitle\" >Eten is onze passie!<\/div>\n<div class=\"page_header_sep left\" ><\/div>\n<p>Wij zijn een uniek \u2018groen\u2019 Maastrichts restaurant waar duurzaamheid en een vegetarische\/veganistische keuken de boventoon voert. Dat zie je ook terug aan onze menukaart waar je ruime keuze hebt uit verrassende gerechten. Elk seizoen presenteren we een nieuwe menukaart die gebaseerd is op regionale biologische producten. Bestaat jouw gezelschap uit vegetari\u00ebrs en veganisten en gasten die houden van vlees of vis? Dan is Eetcaf\u00e9 Ceramique h\u00e9t restaurant waar je kunt kiezen uit vertrouwd ouderwets en verrassend nieuw!<\/p>\n<p><a href=\"https:\/\/www.eetcafeceramique.nl\/diner\">Bekijk hier onze menukaart >><\/a>\n<\/div>\n<p><br class=\"clear\"\/><\/div>\n<\/div>\n<\/div>\n<\/div>\n<div  class=\"parallax title\" data-image=\"https:\/\/eetcafeceramique.nl\/wp-content\/uploads\/2020\/11\/ec-home-fullscreen.jpg\" data-width=\"1440\" data-height=\"900\" data-content-height=\"60\" >\n<div class=\"parallax_title\">\n<h2 class=\"ppb_title\"><span class=\"ppb_title_first\" >Genieten!<\/span>met de hoofdletter G<\/h2>\n<\/div>\n<\/div>\n<div class=\"divider one\">&nbsp;<\/div>\n<div  class=\"one ppb_card_two_cols_with_image\" style=\"padding: 70px 0 70px 0 !important;position:relative;padding:40px 0 40px 0;\" >\n<div class=\"standard_wrapper\">\n<div class=\"page_content_wrapper\">\n<div class=\"inner\">\n<div class=\"one_half parallax_scroll\" style=\"width:40%;position:absolute;left:90px;padding:40px;z-index:2;block !important;background:#ffffff;\" data-stellar-ratio=\"1.3\">\n<h2 class=\"ppb_title\" >Dineren<\/h2>\n<div class=\"ppb_subtitle\" >Donderdag t\/m Zondag:  17.30 \u2013 22.00<\/div>\n<div class=\"page_header_sep left\" ><\/div>\n<p>5 dagen per week, van Donderdag tot en met Maandag kun je bij Eetcafe Ceramique heerlijk dineren! Vlees, vis, vegetarisch en zelfs veganistische gerechten worden vers voor jou bereidt.<\/p>\n<p>Onze gerechten komen zo veel mogelijk uit de regio en zijn veelal biologisch, heerlijk eerlijk dus! Reserveer je plekje vandaag nog en ontdek hoe lekker eerlijk en gezond eten is!<\/p>\n<p> De keuken is momenteel geopend op Donderdag t\/m Zondag van 17.30 \u2013 22.00. Reserveren wordt gewaardeerd.<\/p><\/div>\n<div class=\"one_half parallax_scroll_image last\" style=\"width:60%;\">\n<div class=\"image_classic_frame expand\">\n<div class=\"image_wrapper\"><a href=\"https:\/\/eetcafeceramique.nl\/wp-content\/uploads\/2021\/05\/Collage-Ceramique-1-1200x960.jpg\" class=\"img_frame\"><img src=\"https:\/\/eetcafeceramique.nl\/wp-content\/uploads\/2021\/05\/Collage-Ceramique-1-1200x960.jpg\" class=\"portfolio_img\" alt=\"\"\/><\/a><\/div>\n<\/div>\n<\/div>\n<p><br class=\"clear\"\/><\/div>\n<\/div>\n<\/div>\n<\/div>\n<div class=\"divider one\">&nbsp;<\/div>\n","protected":false},"excerpt":{"rendered":"<p>EERLIJK GEZOND ETEN SINDS 1993 EERLIJK GEZOND ETEN SINDS 1993 Onsrestaurant Thuis bij Eetcaf\u00e9 Ceramique! D\u00e9 plek in Maastricht waar we gastvrijheid schrijven met een hoofdletter G! Sinds 1993 gelegen in de charmante Rechtstraat. Eetcaf\u00e9 Ceramique betekent \u2018thuis komen\u2019. Ons [&hellip;]<\/p>\n","protected":false},"author":1,"featured_media":0,"parent":0,"menu_order":0,"comment_status":"open","ping_status":"open","template":"","meta":{"_uag_custom_page_level_css":""},"uagb_featured_image_src":{"full":false,"thumbnail":false,"medium":false,"medium_large":false,"large":false,"wpsimplegallery_admin_thumb":false,"wpsimplegallery_thumb":false,"1536x1536":false,"2048x2048":false,"gallery_grid":false,"gallery_masonry":false,"tg_grid":false,"blog":false,"woocommerce_thumbnail":false,"woocommerce_single":false,"woocommerce_gallery_thumbnail":false,"shop_catalog":false,"shop_single":false,"shop_thumbnail":false},"uagb_author_info":{"display_name":"admin_irl","author_link":"https:\/\/www.eetcafeceramique.nl\/?author=1"},"uagb_comment_info":0,"uagb_excerpt":"EERLIJK GEZOND ETEN SINDS 1993 EERLIJK GEZOND ETEN SINDS 1993 Onsrestaurant Thuis bij Eetcaf\u00e9 Ceramique! D\u00e9 plek in Maastricht waar we gastvrijheid schrijven met een hoofdletter G! Sinds 1993 gelegen in de charmante Rechtstraat. Eetcaf\u00e9 Ceramique betekent \u2018thuis komen\u2019. Ons [&hellip;]","_links":{"self":[{"href":"https:\/\/www.eetcafeceramique.nl\/index.php?rest_route=\/wp\/v2\/pages\/4019"}],"collection":[{"href":"https:\/\/www.eetcafeceramique.nl\/index.php?rest_route=\/wp\/v2\/pages"}],"about":[{"href":"https:\/\/www.eetcafeceramique.nl\/index.php?rest_route=\/wp\/v2\/types\/page"}],"author":[{"embeddable":true,"href":"https:\/\/www.eetcafeceramique.nl\/index.php?rest_route=\/wp\/v2\/users\/1"}],"replies":[{"embeddable":true,"href":"https:\/\/www.eetcafeceramique.nl\/index.php?rest_route=%2Fwp%2Fv2%2Fcomments&post=4019"}],"version-history":[{"count":68,"href":"https:\/\/www.eetcafeceramique.nl\/index.php?rest_route=\/wp\/v2\/pages\/4019\/revisions"}],"predecessor-version":[{"id":4720,"href":"https:\/\/www.eetcafeceramique.nl\/index.php?rest_route=\/wp\/v2\/pages\/4019\/revisions\/4720"}],"wp:attachment":[{"href":"https:\/\/www.eetcafeceramique.nl\/index.php?rest_route=%2Fwp%2Fv2%2Fmedia&parent=4019"}],"curies":[{"name":"wp","href":"https:\/\/api.w.org\/{rel}","templated":true}]}}